{"id":12954,"date":"2020-08-27T08:23:10","date_gmt":"2020-08-27T08:23:10","guid":{"rendered":"https:\/\/ilp.cno.mybluehost.me\/website_9823b52c\/?page_id=12954"},"modified":"2025-01-29T17:18:50","modified_gmt":"2025-01-29T17:18:50","slug":"privacy-policy","status":"publish","type":"page","link":"https:\/\/kkfinancialsolutions.com\/es\/privacy-policy\/","title":{"rendered":"Pol\u00edtica de privacidad"},"content":{"rendered":"<div data-elementor-type=\"wp-page\" data-elementor-id=\"12954\" class=\"elementor elementor-12954\" data-elementor-post-type=\"page\">\n\t\t\t\t\t\t<section class=\"elementor-section elementor-top-section elementor-element elementor-element-2e99681 elementor-section-boxed elementor-section-height-default elementor-section-height-default sc_fly_static\" data-id=\"2e99681\" data-element_type=\"section\" data-e-type=\"section\">\n\t\t\t\t\t\t<div class=\"elementor-container elementor-column-gap-extended\">\n\t\t\t\t\t<div class=\"elementor-column elementor-col-100 elementor-top-column elementor-element elementor-element-4d09632 sc_content_align_inherit sc_layouts_column_icons_position_left sc_fly_static\" data-id=\"4d09632\" data-element_type=\"column\" data-e-type=\"column\">\n\t\t\t<div class=\"elementor-widget-wrap elementor-element-populated\">\n\t\t\t\t\t\t<div class=\"elementor-element elementor-element-a6ccaf2 sc_fly_static elementor-widget elementor-widget-heading\" data-id=\"a6ccaf2\" data-element_type=\"widget\" data-e-type=\"widget\" data-widget_type=\"heading.default\">\n\t\t\t\t<div class=\"elementor-widget-container\">\n\t\t\t\t\t<h1 class=\"elementor-heading-title elementor-size-default\">Pol\u00edtica privada<\/h1>\t\t\t\t<\/div>\n\t\t\t\t<\/div>\n\t\t\t\t\t<\/div>\n\t\t<\/div>\n\t\t\t\t\t<\/div>\n\t\t<\/section>\n\t\t\t\t<section class=\"elementor-section elementor-top-section elementor-element elementor-element-e63afe5 elementor-section-boxed elementor-section-height-default elementor-section-height-default sc_fly_static\" data-id=\"e63afe5\" data-element_type=\"section\" data-e-type=\"section\">\n\t\t\t\t\t\t<div class=\"elementor-container elementor-column-gap-extended\">\n\t\t\t\t\t<div class=\"elementor-column elementor-col-100 elementor-top-column elementor-element elementor-element-0c17103 sc_content_align_inherit sc_layouts_column_icons_position_left sc_fly_static\" data-id=\"0c17103\" data-element_type=\"column\" data-e-type=\"column\">\n\t\t\t<div class=\"elementor-widget-wrap elementor-element-populated\">\n\t\t\t\t\t\t<div class=\"elementor-element elementor-element-525d7ea sc_height_large sc_fly_static elementor-widget elementor-widget-spacer\" data-id=\"525d7ea\" data-element_type=\"widget\" data-e-type=\"widget\" data-widget_type=\"spacer.default\">\n\t\t\t\t<div class=\"elementor-widget-container\">\n\t\t\t\t\t\t\t<div class=\"elementor-spacer\">\n\t\t\t<div class=\"elementor-spacer-inner\"><\/div>\n\t\t<\/div>\n\t\t\t\t\t\t<\/div>\n\t\t\t\t<\/div>\n\t\t\t\t<div class=\"elementor-element elementor-element-596d510 sc_fly_static elementor-widget elementor-widget-text-editor\" data-id=\"596d510\" data-element_type=\"widget\" data-e-type=\"widget\" data-widget_type=\"text-editor.default\">\n\t\t\t\t<div class=\"elementor-widget-container\">\n\t\t\t\t\t\t\t\t\t<p><strong>Declaraci\u00f3n de privacidad de K&amp;K Financial Solutions<\/strong><\/p><p>K&amp;K Financial Solutions se compromete a proteger su privacidad. Por favor, revise esta Declaraci\u00f3n de Privacidad para entender c\u00f3mo su informaci\u00f3n personal es recopilada, almacenada, utilizada y divulgada. Esta Declaraci\u00f3n de Privacidad puede actualizarse peri\u00f3dicamente, por lo que le rogamos que vuelva a consultarla para comprobar si se han producido cambios.<\/p>\t\t\t\t\t\t\t\t<\/div>\n\t\t\t\t<\/div>\n\t\t\t\t\t<\/div>\n\t\t<\/div>\n\t\t\t\t\t<\/div>\n\t\t<\/section>\n\t\t\t\t<section class=\"elementor-section elementor-top-section elementor-element elementor-element-a2ec18c elementor-section-boxed elementor-section-height-default elementor-section-height-default sc_fly_static\" data-id=\"a2ec18c\" data-element_type=\"section\" data-e-type=\"section\" data-settings=\"{&quot;background_background&quot;:&quot;classic&quot;}\">\n\t\t\t\t\t\t<div class=\"elementor-container elementor-column-gap-extended\">\n\t\t\t\t\t<div class=\"elementor-column elementor-col-100 elementor-top-column elementor-element elementor-element-e4f67bc sc_content_align_inherit sc_layouts_column_icons_position_left sc_fly_static\" data-id=\"e4f67bc\" data-element_type=\"column\" data-e-type=\"column\">\n\t\t\t<div class=\"elementor-widget-wrap elementor-element-populated\">\n\t\t\t\t\t\t<div class=\"elementor-element elementor-element-690b98ed sc_height_large sc_fly_static elementor-widget elementor-widget-spacer\" data-id=\"690b98ed\" data-element_type=\"widget\" data-e-type=\"widget\" data-widget_type=\"spacer.default\">\n\t\t\t\t<div class=\"elementor-widget-container\">\n\t\t\t\t\t\t\t<div class=\"elementor-spacer\">\n\t\t\t<div class=\"elementor-spacer-inner\"><\/div>\n\t\t<\/div>\n\t\t\t\t\t\t<\/div>\n\t\t\t\t<\/div>\n\t\t\t\t\t<\/div>\n\t\t<\/div>\n\t\t\t\t\t<\/div>\n\t\t<\/section>\n\t\t\t\t<section class=\"elementor-section elementor-top-section elementor-element elementor-element-f33d64d elementor-section-boxed elementor-section-height-default elementor-section-height-default sc_fly_static\" data-id=\"f33d64d\" data-element_type=\"section\" data-e-type=\"section\">\n\t\t\t\t\t\t<div class=\"elementor-container elementor-column-gap-extended\">\n\t\t\t\t\t<div class=\"elementor-column elementor-col-100 elementor-top-column elementor-element elementor-element-fac42d3 sc_content_align_inherit sc_layouts_column_icons_position_left sc_fly_static\" data-id=\"fac42d3\" data-element_type=\"column\" data-e-type=\"column\">\n\t\t\t<div class=\"elementor-widget-wrap elementor-element-populated\">\n\t\t\t\t\t\t<div class=\"elementor-element elementor-element-b9291b8 sc_fly_static elementor-widget elementor-widget-text-editor\" data-id=\"b9291b8\" data-element_type=\"widget\" data-e-type=\"widget\" data-widget_type=\"text-editor.default\">\n\t\t\t\t<div class=\"elementor-widget-container\">\n\t\t\t\t\t\t\t\t\t<div class=\"elementor-element elementor-element-09e2e45 elementor-widget elementor-widget-text-editor\" data-id=\"09e2e45\" data-element_type=\"widget\" data-widget_type=\"text-editor.default\"><div class=\"elementor-widget-container\"><p><strong>Recogida y uso de informaci\u00f3n personal<br \/><\/strong><br \/>K&amp;K Financial Solutions recopila informaci\u00f3n personal en el curso de la prestaci\u00f3n de servicios jur\u00eddicos a los clientes, as\u00ed como de los visitantes de nuestro sitio web y los usuarios de nuestros servicios en l\u00ednea. Tambi\u00e9n podemos recopilar informaci\u00f3n personal cuando usted interact\u00faa con nosotros en plataformas de medios sociales o de otros terceros. Adem\u00e1s, parte de la informaci\u00f3n, que puede incluir datos personales, puede recopilarse autom\u00e1ticamente, como se indica en la pol\u00edtica de cookies que figura a continuaci\u00f3n.<\/p><p>Podemos utilizar su informaci\u00f3n personal para los siguientes fines, cuando ello redunde en nuestro leg\u00edtimo inter\u00e9s:<\/p><ul><li>Para responder a sus consultas y solicitudes.<\/li><li>Para personalizar su experiencia con nuestros servicios en l\u00ednea y proporcionarle asistencia.<\/li><li>Para operar, supervisar y mejorar nuestras operaciones comerciales o nuestro sitio web.<\/li><li>Facilitar los procesos de selecci\u00f3n y contrataci\u00f3n.<\/li><li>Prestar servicios jur\u00eddicos y tramitar asuntos seg\u00fan sus instrucciones, si usted es o se convierte en cliente.<\/li><li>Para informarle sobre actualizaciones o novedades jur\u00eddicas, a menos que opte por no recibir dichas comunicaciones.<\/li><li>Cumplir las leyes, reglamentos y normas profesionales aplicables.<\/li><\/ul><\/div><\/div><div class=\"elementor-element elementor-element-a178f90 elementor-widget elementor-widget-spacer\" data-id=\"a178f90\" data-element_type=\"widget\" data-widget_type=\"spacer.default\"><div class=\"elementor-widget-container\"><div class=\"elementor-spacer\"><div class=\"elementor-spacer-inner\">\u00a0<\/div><\/div><\/div><\/div><div class=\"elementor-element elementor-element-f1b3fd1 elementor-widget elementor-widget-text-editor\" data-id=\"f1b3fd1\" data-element_type=\"widget\" data-widget_type=\"text-editor.default\"><div class=\"elementor-widget-container\"><p><strong>Compartir y divulgar informaci\u00f3n personal<\/strong><\/p><p>Sus datos personales no se vender\u00e1n, intercambiar\u00e1n ni alquilar\u00e1n a terceros. Tampoco permitimos que terceros rastreen sus actividades en l\u00ednea en otros sitios web mientras usted utiliza el nuestro. Sin embargo, podemos revelar informaci\u00f3n personal a organismos reguladores o a las fuerzas de seguridad cuando as\u00ed lo exija la ley o cuando tengamos una base leg\u00edtima, como investigaciones, defensa legal o cuestiones de cumplimiento.<\/p><\/div><\/div><div class=\"elementor-element elementor-element-73b5a0a elementor-widget elementor-widget-spacer\" data-id=\"73b5a0a\" data-element_type=\"widget\" data-widget_type=\"spacer.default\"><div class=\"elementor-widget-container\"><div class=\"elementor-spacer\"><div class=\"elementor-spacer-inner\">\u00a0<\/div><\/div><\/div><\/div><div class=\"elementor-element elementor-element-083785d elementor-widget elementor-widget-text-editor\" data-id=\"083785d\" data-element_type=\"widget\" data-widget_type=\"text-editor.default\"><div class=\"elementor-widget-container\"><p><strong>Seguridad, conservaci\u00f3n y confidencialidad de la informaci\u00f3n personal<br \/><\/strong><br \/>Aplicamos medidas de seguridad f\u00edsicas, tecnol\u00f3gicas y de procedimiento razonables para proteger la confidencialidad de la informaci\u00f3n personal, incluidos los datos facilitados a trav\u00e9s de este sitio web y otros servicios en l\u00ednea. Sin embargo, estas medidas no pueden garantizar una seguridad absoluta.<\/p><p>Como parte de nuestras responsabilidades profesionales, mantenemos una estricta confidencialidad con respecto a la informaci\u00f3n de nuestros clientes. Tambi\u00e9n esperamos que nuestros consultores, vendedores y proveedores de servicios mantengan normas similares de protecci\u00f3n de datos, incluido el cumplimiento de las leyes pertinentes, como la normativa de protecci\u00f3n de datos de la Uni\u00f3n Europea, cuando proceda.<\/p><p><strong><br \/>Conservaci\u00f3n de datos personales<br \/><\/strong><br \/>Conservamos su informaci\u00f3n personal mientras sirva para fines legales o comerciales razonables, de acuerdo con la legislaci\u00f3n aplicable. Cuando ya no sean necesarios, tomaremos medidas para eliminar de forma segura o anonimizar la informaci\u00f3n, a menos que su conservaci\u00f3n sea necesaria por obligaciones legales o profesionales.<\/p><\/div><\/div><div class=\"elementor-element elementor-element-3d05e5c elementor-widget elementor-widget-spacer\" data-id=\"3d05e5c\" data-element_type=\"widget\" data-widget_type=\"spacer.default\"><div class=\"elementor-widget-container\"><div class=\"elementor-spacer\"><div class=\"elementor-spacer-inner\">\u00a0<\/div><\/div><\/div><\/div><div class=\"elementor-element elementor-element-6a770f3 elementor-widget elementor-widget-heading\" data-id=\"6a770f3\" data-element_type=\"widget\" data-widget_type=\"heading.default\"><div class=\"elementor-widget-container\"><h6 class=\"elementor-heading-title elementor-size-default\"><a href=\"https:\/\/kkfinancialsolutions.com\/es\/cookies-policy\/\"><u>Pol\u00edtica de cookies<\/u><\/a><\/h6><\/div><\/div><div class=\"elementor-element elementor-element-a57a144 elementor-widget elementor-widget-text-editor\" data-id=\"a57a144\" data-element_type=\"widget\" data-widget_type=\"text-editor.default\"><div class=\"elementor-widget-container\"><p>Las cookies son peque\u00f1os archivos de texto que los sitios web que visita env\u00edan a su dispositivo. Pueden ser de sesi\u00f3n (temporales y se borran al cerrar el navegador) o persistentes (permanecen hasta que se borran manualmente o caducan).<\/p><p>K&amp;K Financial Solutions utiliza cookies con fines tales como mejorar la seguridad, adaptar la experiencia del usuario, recordar preferencias y supervisar el uso de nuestros servicios en l\u00ednea. Las cookies persistentes, como la cookie de c\u00f3digo regional, garantizan que se le dirija a la versi\u00f3n correcta de nuestro sitio web.<\/p><p>Aunque podemos utilizar servicios de terceros para funciones relacionadas con las cookies, no permitimos que estos proveedores accedan a informaci\u00f3n personal identificable. Puede ajustar la configuraci\u00f3n de su navegador para que rechace las cookies o le avise cuando se coloquen. Tenga en cuenta que algunas funciones del sitio web pueden funcionar de forma diferente o menos eficaz sin cookies.<\/p><\/div><\/div><div class=\"elementor-element elementor-element-99094ad elementor-widget elementor-widget-spacer\" data-id=\"99094ad\" data-element_type=\"widget\" data-widget_type=\"spacer.default\"><div class=\"elementor-widget-container\"><div class=\"elementor-spacer\"><div class=\"elementor-spacer-inner\">\u00a0<\/div><\/div><\/div><\/div><div class=\"elementor-element elementor-element-2afbf2a elementor-widget elementor-widget-text-editor\" data-id=\"2afbf2a\" data-element_type=\"widget\" data-widget_type=\"text-editor.default\"><div class=\"elementor-widget-container\"><p><strong>Cambios pol\u00edticos<br \/><\/strong><br \/>Nos reservamos el derecho a actualizar esta Declaraci\u00f3n de Privacidad en cualquier momento y sin previo aviso. Las nuevas pol\u00edticas se publicar\u00e1n en nuestro sitio web y en otras plataformas en l\u00ednea, seg\u00fan proceda.<\/p><\/div><\/div><div class=\"elementor-element elementor-element-cbf6f4f elementor-widget elementor-widget-spacer\" data-id=\"cbf6f4f\" data-element_type=\"widget\" data-widget_type=\"spacer.default\"><div class=\"elementor-widget-container\"><div class=\"elementor-spacer\"><div class=\"elementor-spacer-inner\">\u00a0<\/div><\/div><\/div><\/div><div class=\"elementor-element elementor-element-ee4bd86 elementor-widget elementor-widget-text-editor\" data-id=\"ee4bd86\" data-element_type=\"widget\" data-widget_type=\"text-editor.default\"><div class=\"elementor-widget-container\"><p><strong>Contacte con nosotros<br \/><\/strong><br \/>Su privacidad y seguridad son prioritarias para nosotros. Nos esforzamos por construir una relaci\u00f3n de confianza con usted y mejorar continuamente nuestros servicios para satisfacer sus necesidades. Si tiene alguna pregunta sobre esta Declaraci\u00f3n de privacidad, nuestras pr\u00e1cticas o desea hacernos llegar sus comentarios, p\u00f3ngase en contacto con nosotros.<\/p><\/div><\/div><div class=\"elementor-element elementor-element-ed39865 elementor-widget elementor-widget-text-editor\" data-id=\"ed39865\" data-element_type=\"widget\" data-widget_type=\"text-editor.default\"><div class=\"elementor-widget-container\"><p>La \u00faltima actualizaci\u00f3n de esta declaraci\u00f3n de confidencialidad data del 29 de enero de 2025.<\/p><\/div><\/div>\t\t\t\t\t\t\t\t<\/div>\n\t\t\t\t<\/div>\n\t\t\t\t\t<\/div>\n\t\t<\/div>\n\t\t\t\t\t<\/div>\n\t\t<\/section>\n\t\t\t\t<section class=\"elementor-section elementor-top-section elementor-element elementor-element-2d8dc980 elementor-section-boxed elementor-section-height-default elementor-section-height-default sc_fly_static\" data-id=\"2d8dc980\" data-element_type=\"section\" data-e-type=\"section\" data-settings=\"{&quot;background_background&quot;:&quot;classic&quot;}\">\n\t\t\t\t\t\t<div class=\"elementor-container elementor-column-gap-extended\">\n\t\t\t\t\t<div class=\"elementor-column elementor-col-100 elementor-top-column elementor-element elementor-element-46b827c5 sc_content_align_inherit sc_layouts_column_icons_position_left sc_fly_static\" data-id=\"46b827c5\" data-element_type=\"column\" data-e-type=\"column\">\n\t\t\t<div class=\"elementor-widget-wrap elementor-element-populated\">\n\t\t\t\t\t\t<div class=\"elementor-element elementor-element-79ec6774 sc_height_large sc_fly_static elementor-widget elementor-widget-spacer\" data-id=\"79ec6774\" data-element_type=\"widget\" data-e-type=\"widget\" data-widget_type=\"spacer.default\">\n\t\t\t\t<div class=\"elementor-widget-container\">\n\t\t\t\t\t\t\t<div class=\"elementor-spacer\">\n\t\t\t<div class=\"elementor-spacer-inner\"><\/div>\n\t\t<\/div>\n\t\t\t\t\t\t<\/div>\n\t\t\t\t<\/div>\n\t\t\t\t\t<\/div>\n\t\t<\/div>\n\t\t\t\t\t<\/div>\n\t\t<\/section>\n\t\t\t\t<\/div>","protected":false},"excerpt":{"rendered":"<p>Pol\u00edtica de privacidad Declaraci\u00f3n de privacidad de K&amp;K Financial Solutions K&amp;K Financial Solutions se compromete a proteger su privacidad. Lea esta Declaraci\u00f3n de privacidad para comprender c\u00f3mo se recopila, almacena...<\/p>","protected":false},"author":1,"featured_media":0,"parent":0,"menu_order":0,"comment_status":"closed","ping_status":"closed","template":"","meta":{"nf_dc_page":"","footnotes":""},"class_list":["post-12954","page","type-page","status-publish","hentry"],"_links":{"self":[{"href":"https:\/\/kkfinancialsolutions.com\/es\/wp-json\/wp\/v2\/pages\/12954","targetHints":{"allow":["GET"]}}],"collection":[{"href":"https:\/\/kkfinancialsolutions.com\/es\/wp-json\/wp\/v2\/pages"}],"about":[{"href":"https:\/\/kkfinancialsolutions.com\/es\/wp-json\/wp\/v2\/types\/page"}],"author":[{"embeddable":true,"href":"https:\/\/kkfinancialsolutions.com\/es\/wp-json\/wp\/v2\/users\/1"}],"replies":[{"embeddable":true,"href":"https:\/\/kkfinancialsolutions.com\/es\/wp-json\/wp\/v2\/comments?post=12954"}],"version-history":[{"count":9,"href":"https:\/\/kkfinancialsolutions.com\/es\/wp-json\/wp\/v2\/pages\/12954\/revisions"}],"predecessor-version":[{"id":21611,"href":"https:\/\/kkfinancialsolutions.com\/es\/wp-json\/wp\/v2\/pages\/12954\/revisions\/21611"}],"wp:attachment":[{"href":"https:\/\/kkfinancialsolutions.com\/es\/wp-json\/wp\/v2\/media?parent=12954"}],"curies":[{"name":"wp","href":"https:\/\/api.w.org\/{rel}","templated":true}]}}