{"id":3738,"date":"2020-05-26T12:04:13","date_gmt":"2020-05-26T12:04:13","guid":{"rendered":"https:\/\/ilp.cno.mybluehost.me\/website_9823b52c\/?page_id=3738"},"modified":"2025-02-06T20:26:56","modified_gmt":"2025-02-06T20:26:56","slug":"about","status":"publish","type":"page","link":"https:\/\/kkfinancialsolutions.com\/es\/about\/","title":{"rendered":"Acerca de"},"content":{"rendered":"<div data-elementor-type=\"wp-page\" data-elementor-id=\"3738\" class=\"elementor elementor-3738\" data-elementor-post-type=\"page\">\n\t\t\t\t\t\t<section class=\"elementor-section elementor-top-section elementor-element elementor-element-1362a9b elementor-section-boxed elementor-section-height-default elementor-section-height-default sc_fly_static\" data-id=\"1362a9b\" data-element_type=\"section\" data-e-type=\"section\">\n\t\t\t\t\t\t<div class=\"elementor-container elementor-column-gap-extended\">\n\t\t\t\t\t<div class=\"elementor-column elementor-col-100 elementor-top-column elementor-element elementor-element-9da41d7 sc_content_align_inherit sc_layouts_column_icons_position_left sc_fly_static\" data-id=\"9da41d7\" data-element_type=\"column\" data-e-type=\"column\">\n\t\t\t<div class=\"elementor-widget-wrap elementor-element-populated\">\n\t\t\t\t\t\t<div class=\"elementor-element elementor-element-06fb7f2 sc_height_huge sc_fly_static elementor-widget elementor-widget-spacer\" data-id=\"06fb7f2\" data-element_type=\"widget\" data-e-type=\"widget\" data-widget_type=\"spacer.default\">\n\t\t\t\t<div class=\"elementor-widget-container\">\n\t\t\t\t\t\t\t<div class=\"elementor-spacer\">\n\t\t\t<div class=\"elementor-spacer-inner\"><\/div>\n\t\t<\/div>\n\t\t\t\t\t\t<\/div>\n\t\t\t\t<\/div>\n\t\t\t\t\t<\/div>\n\t\t<\/div>\n\t\t\t\t\t<\/div>\n\t\t<\/section>\n\t\t\t\t<section class=\"elementor-section elementor-top-section elementor-element elementor-element-8f7191e elementor-section-content-middle elementor-section-boxed elementor-section-height-default elementor-section-height-default sc_fly_static\" data-id=\"8f7191e\" data-element_type=\"section\" data-e-type=\"section\">\n\t\t\t\t\t\t<div class=\"elementor-container elementor-column-gap-extended\">\n\t\t\t\t\t<div class=\"elementor-column elementor-col-50 elementor-top-column elementor-element elementor-element-7a708f6 sc_content_align_inherit sc_layouts_column_icons_position_left sc_fly_static\" data-id=\"7a708f6\" data-element_type=\"column\" data-e-type=\"column\">\n\t\t\t<div class=\"elementor-widget-wrap elementor-element-populated\">\n\t\t\t\t\t\t<div class=\"elementor-element elementor-element-1368f74 no-title elementor-widget__width-initial sc_fly_static elementor-widget elementor-widget-image\" data-id=\"1368f74\" data-element_type=\"widget\" data-e-type=\"widget\" data-widget_type=\"image.default\">\n\t\t\t\t<div class=\"elementor-widget-container\">\n\t\t\t\t\t\t\t\t\t\t\t\t\t\t\t<img fetchpriority=\"high\" decoding=\"async\" width=\"1096\" height=\"1645\" src=\"https:\/\/kkfinancialsolutions.com\/wp-content\/uploads\/2025\/02\/IMG_0006-1-1.jpg\" class=\"attachment-2048x2048 size-2048x2048 wp-image-21638\" alt=\"\" srcset=\"https:\/\/kkfinancialsolutions.com\/wp-content\/uploads\/2025\/02\/IMG_0006-1-1.jpg 1096w, https:\/\/kkfinancialsolutions.com\/wp-content\/uploads\/2025\/02\/IMG_0006-1-1-200x300.jpg 200w, https:\/\/kkfinancialsolutions.com\/wp-content\/uploads\/2025\/02\/IMG_0006-1-1-682x1024.jpg 682w, https:\/\/kkfinancialsolutions.com\/wp-content\/uploads\/2025\/02\/IMG_0006-1-1-768x1153.jpg 768w, https:\/\/kkfinancialsolutions.com\/wp-content\/uploads\/2025\/02\/IMG_0006-1-1-1023x1536.jpg 1023w, https:\/\/kkfinancialsolutions.com\/wp-content\/uploads\/2025\/02\/IMG_0006-1-1-8x12.jpg 8w, https:\/\/kkfinancialsolutions.com\/wp-content\/uploads\/2025\/02\/IMG_0006-1-1-370x555.jpg 370w, https:\/\/kkfinancialsolutions.com\/wp-content\/uploads\/2025\/02\/IMG_0006-1-1-840x1261.jpg 840w, https:\/\/kkfinancialsolutions.com\/wp-content\/uploads\/2025\/02\/IMG_0006-1-1-410x615.jpg 410w\" sizes=\"(max-width: 1096px) 100vw, 1096px\" \/>\t\t\t\t\t\t\t\t\t\t\t\t\t\t\t<\/div>\n\t\t\t\t<\/div>\n\t\t\t\t\t<\/div>\n\t\t<\/div>\n\t\t\t\t<div class=\"elementor-column elementor-col-50 elementor-top-column elementor-element elementor-element-ca63f12 sc_content_align_inherit sc_layouts_column_icons_position_left sc_fly_static\" data-id=\"ca63f12\" data-element_type=\"column\" data-e-type=\"column\">\n\t\t\t<div class=\"elementor-widget-wrap elementor-element-populated\">\n\t\t\t\t\t\t<div class=\"elementor-element elementor-element-6f53071 sc_fly_static elementor-widget elementor-widget-trx_sc_title\" data-id=\"6f53071\" data-element_type=\"widget\" data-e-type=\"widget\" data-widget_type=\"trx_sc_title.default\">\n\t\t\t\t<div class=\"elementor-widget-container\">\n\t\t\t\t\t<div\t\tclass=\"sc_title sc_title_default\" ><span class=\"sc_item_subtitle sc_title_subtitle sc_item_subtitle_above sc_item_title_style_default\">bienvenido a<\/span><h2 class=\"sc_item_title sc_title_title sc_item_title_style_default sc_item_title_tag\"\n\t\t\t><span class=\"sc_item_title_text\">Soluciones financieras K&amp;K: Navegando por su \u00e9xito, asegurando su futuro.<\/span><\/h2><div class=\"sc_item_descr sc_title_descr\"><p>En K&amp;K Financial Solutions, ofrecemos servicios expertos de consultor\u00eda fiscal adaptados a particulares, peque\u00f1as empresas y corporaciones multinacionales. Con m\u00e1s de una d\u00e9cada de experiencia en el \u00e1mbito fiscal, nuestro fundador aporta un profundo conocimiento de los asuntos fiscales complejos, habiendo trabajado con los principales bufetes de abogados nacionales e internacionales, as\u00ed como con l\u00edderes del sector como TurboTax, H&amp;R Block y VITA.<\/p>\n<p>Licenciada por el Centro de Derecho de la Universidad de Georgetown, ha realizado numerosos cursos sobre fiscalidad internacional, impuestos de sociedades, impuestos de sociedades y fiscalidad federal, entre otros temas fiscales avanzados. Su experiencia incluye el asesoramiento a particulares con grandes patrimonios y a empresas internacionales sobre estrategias fiscales, cumplimiento normativo y planificaci\u00f3n, para garantizar que se desenvuelven con confianza en un panorama fiscal en constante evoluci\u00f3n.<\/p>\n<p>Aunque es abogada de formaci\u00f3n, K&amp;K Financial Solutions no es un bufete de abogados y no presta servicios jur\u00eddicos. En su lugar, nos centramos en ofrecer una visi\u00f3n fiscal estrat\u00e9gica, apoyo en el cumplimiento y soluciones de planificaci\u00f3n dise\u00f1adas para ayudarle a optimizar su situaci\u00f3n fiscal. Tanto si es usted un particular en busca de orientaci\u00f3n fiscal, una peque\u00f1a empresa que navega por la normativa fiscal o una multinacional que gestiona estructuras fiscales complejas, estamos aqu\u00ed para ayudarle.<\/p>\n<p>Simplifiquemos juntos las complejidades fiscales para que pueda centrarse en lo m\u00e1s importante.<\/p>\n<\/div><\/div>\t\t\t\t<\/div>\n\t\t\t\t<\/div>\n\t\t\t\t<div class=\"elementor-element elementor-element-f1e0184 sc_height_small sc_fly_static elementor-widget elementor-widget-spacer\" data-id=\"f1e0184\" data-element_type=\"widget\" data-e-type=\"widget\" data-widget_type=\"spacer.default\">\n\t\t\t\t<div class=\"elementor-widget-container\">\n\t\t\t\t\t\t\t<div class=\"elementor-spacer\">\n\t\t\t<div class=\"elementor-spacer-inner\"><\/div>\n\t\t<\/div>\n\t\t\t\t\t\t<\/div>\n\t\t\t\t<\/div>\n\t\t\t\t<div class=\"elementor-element elementor-element-d0791a2 sc_fly_static elementor-widget elementor-widget-trx_sc_button\" data-id=\"d0791a2\" data-element_type=\"widget\" data-e-type=\"widget\" data-widget_type=\"trx_sc_button.default\">\n\t\t\t\t<div class=\"elementor-widget-container\">\n\t\t\t\t\t<div\tclass=\"sc_item_button sc_button_wrap\" ><a href=\"\" class=\"sc_button sc_button_simple button_bg_icon_color sc_button_size_normal sc_button_with_icon sc_button_icon_left color_style_dark\" ><span class=\"sc_button_icon\"><span class=\"icon-mail\"><\/span><\/span><span class=\"sc_button_text\"><span class=\"sc_button_title\">Consult@kkfinancialsolutions.com<\/span><\/span><\/a><\/div>\t\t\t\t<\/div>\n\t\t\t\t<\/div>\n\t\t\t\t\t<\/div>\n\t\t<\/div>\n\t\t\t\t\t<\/div>\n\t\t<\/section>\n\t\t\t\t<section class=\"elementor-section elementor-top-section elementor-element elementor-element-9494ea4 elementor-section-boxed elementor-section-height-default elementor-section-height-default sc_fly_static\" data-id=\"9494ea4\" data-element_type=\"section\" data-e-type=\"section\">\n\t\t\t\t\t\t<div class=\"elementor-container elementor-column-gap-extended\">\n\t\t\t\t\t<div class=\"elementor-column elementor-col-100 elementor-top-column elementor-element elementor-element-6f4ce49 sc_content_align_inherit sc_layouts_column_icons_position_left sc_fly_static\" data-id=\"6f4ce49\" data-element_type=\"column\" data-e-type=\"column\">\n\t\t\t<div class=\"elementor-widget-wrap elementor-element-populated\">\n\t\t\t\t\t\t<div class=\"elementor-element elementor-element-b483f90 sc_height_huge sc_fly_static elementor-widget elementor-widget-spacer\" data-id=\"b483f90\" data-element_type=\"widget\" data-e-type=\"widget\" data-widget_type=\"spacer.default\">\n\t\t\t\t<div class=\"elementor-widget-container\">\n\t\t\t\t\t\t\t<div class=\"elementor-spacer\">\n\t\t\t<div class=\"elementor-spacer-inner\"><\/div>\n\t\t<\/div>\n\t\t\t\t\t\t<\/div>\n\t\t\t\t<\/div>\n\t\t\t\t<div class=\"elementor-element elementor-element-74227fc sc_layouts_hide_on_tablet sc_layouts_hide_on_mobile sc_fly_static elementor-widget elementor-widget-spacer\" data-id=\"74227fc\" data-element_type=\"widget\" data-e-type=\"widget\" data-widget_type=\"spacer.default\">\n\t\t\t\t<div class=\"elementor-widget-container\">\n\t\t\t\t\t\t\t<div class=\"elementor-spacer\">\n\t\t\t<div class=\"elementor-spacer-inner\"><\/div>\n\t\t<\/div>\n\t\t\t\t\t\t<\/div>\n\t\t\t\t<\/div>\n\t\t\t\t<div class=\"elementor-element elementor-element-239df15 sc_fly_static elementor-widget elementor-widget-trx_sc_icons\" data-id=\"239df15\" data-element_type=\"widget\" data-e-type=\"widget\" data-widget_type=\"trx_sc_icons.default\">\n\t\t\t\t<div class=\"elementor-widget-container\">\n\t\t\t\t\t<div \tclass=\"sc_icons color_style_dark sc_icons_divider sc_icons_size_medium sc_align_left\" ><div class=\"sc_icons_columns_wrap sc_item_columns trx_addons_columns_wrap columns_padding_bottom columns_in_single_row\" ><div class=\"trx_addons_column-1_4\"><div class=\"sc_icons_item sc_icons_item_linked with_more\"><div class=\"sc_icons_icon sc_icon_type_ icon-sharing\" ><span class=\"sc_icon_type_ icon-sharing\"><\/span><\/div><div class=\"sc_icons_item_details\"><h4 class=\"sc_icons_item_title\"><a href=\"https:\/\/kkfinancialsolutions.com\/es\/services\/tax-preparation\/\">\n                                    Preparaci\u00f3n de impuestos                                    <\/a><\/h4><a href=\"https:\/\/kkfinancialsolutions.com\/es\/services\/tax-preparation\/\" class=\"sc_icons_item_more_link\">\n                        <span class=\"link_text\">Seguir leyendo<\/span><span class=\"link_icon\"><\/span>\n                        <\/a><a href=\"https:\/\/kkfinancialsolutions.com\/es\/services\/tax-preparation\/\"\n                        class=\"sc_icons_item_link\">\n                        <\/a><\/div><\/div><\/div><div class=\"trx_addons_column-1_4\"><div class=\"sc_icons_item sc_icons_item_linked with_more\"><div class=\"sc_icons_icon sc_icon_type_ icon-isolation\" ><span class=\"sc_icon_type_ icon-isolation\"><\/span><\/div><div class=\"sc_icons_item_details\"><h4 class=\"sc_icons_item_title\"><a href=\"https:\/\/kkfinancialsolutions.com\/es\/services\/bookkeeping-services\/\">\n                                    Servicios de contabilidad                                    <\/a><\/h4><a href=\"https:\/\/kkfinancialsolutions.com\/es\/services\/bookkeeping-services\/\" class=\"sc_icons_item_more_link\">\n                        <span class=\"link_text\">Seguir leyendo<\/span><span class=\"link_icon\"><\/span>\n                        <\/a><a href=\"https:\/\/kkfinancialsolutions.com\/es\/services\/bookkeeping-services\/\"\n                        class=\"sc_icons_item_link\">\n                        <\/a><\/div><\/div><\/div><div class=\"trx_addons_column-1_4\"><div class=\"sc_icons_item sc_icons_item_linked with_more\"><div class=\"sc_icons_icon sc_icon_type_ icon-hierarchy\" ><span class=\"sc_icon_type_ icon-hierarchy\"><\/span><\/div><div class=\"sc_icons_item_details\"><h4 class=\"sc_icons_item_title\"><a href=\"https:\/\/kkfinancialsolutions.com\/es\/services\/payroll-services\/\">\n                                    Servicios de n\u00f3mina                                    <\/a><\/h4><a href=\"https:\/\/kkfinancialsolutions.com\/es\/services\/payroll-services\/\" class=\"sc_icons_item_more_link\">\n                        <span class=\"link_text\">Seguir leyendo<\/span><span class=\"link_icon\"><\/span>\n                        <\/a><a href=\"https:\/\/kkfinancialsolutions.com\/es\/services\/payroll-services\/\"\n                        class=\"sc_icons_item_link\">\n                        <\/a><\/div><\/div><\/div><div class=\"trx_addons_column-1_4\"><div class=\"sc_icons_item sc_icons_item_linked with_more\"><div class=\"sc_icons_icon sc_icon_type_ icon-cooperation\" ><span class=\"sc_icon_type_ icon-cooperation\"><\/span><\/div><div class=\"sc_icons_item_details\"><h4 class=\"sc_icons_item_title\"><a href=\"https:\/\/kkfinancialsolutions.com\/es\/services\/hr-consultations-and-recruiting-services\/\">\n                                    Consultas sobre RRHH y servicios de contrataci\u00f3n                                    <\/a><\/h4><a href=\"https:\/\/kkfinancialsolutions.com\/es\/services\/hr-consultations-and-recruiting-services\/\" class=\"sc_icons_item_more_link\">\n                        <span class=\"link_text\">Seguir leyendo<\/span><span class=\"link_icon\"><\/span>\n                        <\/a><a href=\"https:\/\/kkfinancialsolutions.com\/es\/services\/hr-consultations-and-recruiting-services\/\"\n                        class=\"sc_icons_item_link\">\n                        <\/a><\/div><\/div><\/div><\/div><\/div><!-- \/.sc_icons -->\t\t\t\t<\/div>\n\t\t\t\t<\/div>\n\t\t\t\t<div class=\"elementor-element elementor-element-55d98fb sc_height_huge sc_fly_static elementor-widget elementor-widget-spacer\" data-id=\"55d98fb\" data-element_type=\"widget\" data-e-type=\"widget\" data-widget_type=\"spacer.default\">\n\t\t\t\t<div class=\"elementor-widget-container\">\n\t\t\t\t\t\t\t<div class=\"elementor-spacer\">\n\t\t\t<div class=\"elementor-spacer-inner\"><\/div>\n\t\t<\/div>\n\t\t\t\t\t\t<\/div>\n\t\t\t\t<\/div>\n\t\t\t\t<div class=\"elementor-element elementor-element-b92106f sc_layouts_hide_on_tablet sc_layouts_hide_on_mobile sc_fly_static elementor-widget elementor-widget-spacer\" data-id=\"b92106f\" data-element_type=\"widget\" data-e-type=\"widget\" data-widget_type=\"spacer.default\">\n\t\t\t\t<div class=\"elementor-widget-container\">\n\t\t\t\t\t\t\t<div class=\"elementor-spacer\">\n\t\t\t<div class=\"elementor-spacer-inner\"><\/div>\n\t\t<\/div>\n\t\t\t\t\t\t<\/div>\n\t\t\t\t<\/div>\n\t\t\t\t\t<\/div>\n\t\t<\/div>\n\t\t\t\t\t<\/div>\n\t\t<\/section>\n\t\t\t\t<section class=\"elementor-section elementor-top-section elementor-element elementor-element-0cc56ae elementor-section-content-middle scheme_dark elementor-section-boxed elementor-section-height-default elementor-section-height-default sc_fly_static\" data-id=\"0cc56ae\" data-element_type=\"section\" data-e-type=\"section\" data-settings=\"{&quot;background_background&quot;:&quot;classic&quot;}\">\n\t\t\t\t\t\t\t<div class=\"elementor-background-overlay\"><\/div>\n\t\t\t\t\t\t\t<div class=\"elementor-container elementor-column-gap-extended\">\n\t\t\t\t\t<div class=\"elementor-column elementor-col-50 elementor-top-column elementor-element elementor-element-4dc42b7 sc-mobile_content_align_inherit sc_content_align_inherit sc_layouts_column_icons_position_left sc_fly_static\" data-id=\"4dc42b7\" data-element_type=\"column\" data-e-type=\"column\">\n\t\t\t<div class=\"elementor-widget-wrap elementor-element-populated\">\n\t\t\t\t\t\t<div class=\"elementor-element elementor-element-717bf96 sc_fly_static elementor-widget elementor-widget-spacer\" data-id=\"717bf96\" data-element_type=\"widget\" data-e-type=\"widget\" data-widget_type=\"spacer.default\">\n\t\t\t\t<div class=\"elementor-widget-container\">\n\t\t\t\t\t\t\t<div class=\"elementor-spacer\">\n\t\t\t<div class=\"elementor-spacer-inner\"><\/div>\n\t\t<\/div>\n\t\t\t\t\t\t<\/div>\n\t\t\t\t<\/div>\n\t\t\t\t<div class=\"elementor-element elementor-element-5d971a1 sc_fly_static elementor-widget elementor-widget-trx_sc_title\" data-id=\"5d971a1\" data-element_type=\"widget\" data-e-type=\"widget\" data-widget_type=\"trx_sc_title.default\">\n\t\t\t\t<div class=\"elementor-widget-container\">\n\t\t\t\t\t<div\t\tclass=\"sc_title sc_title_default\" ><h2 class=\"sc_item_title sc_title_title sc_item_title_style_default\"\n\t\t\t><span class=\"sc_item_title_text\">Apoyo profesional para su empresa.<\/span><\/h2><\/div>\t\t\t\t<\/div>\n\t\t\t\t<\/div>\n\t\t\t\t<div class=\"elementor-element elementor-element-32b8af1 sc_layouts_hide_on_mobile sc_fly_static elementor-widget elementor-widget-spacer\" data-id=\"32b8af1\" data-element_type=\"widget\" data-e-type=\"widget\" data-widget_type=\"spacer.default\">\n\t\t\t\t<div class=\"elementor-widget-container\">\n\t\t\t\t\t\t\t<div class=\"elementor-spacer\">\n\t\t\t<div class=\"elementor-spacer-inner\"><\/div>\n\t\t<\/div>\n\t\t\t\t\t\t<\/div>\n\t\t\t\t<\/div>\n\t\t\t\t\t<\/div>\n\t\t<\/div>\n\t\t\t\t<div class=\"elementor-column elementor-col-50 elementor-top-column elementor-element elementor-element-e23a769 sc_layouts_column_align_right sc_layouts_column sc-mobile_layouts_column_align_left sc_layouts_column sc_content_align_inherit sc_layouts_column_icons_position_left sc_fly_static\" data-id=\"e23a769\" data-element_type=\"column\" data-e-type=\"column\">\n\t\t\t<div class=\"elementor-widget-wrap elementor-element-populated\">\n\t\t\t\t\t\t<div class=\"elementor-element elementor-element-205529a sc_fly_static elementor-widget elementor-widget-spacer\" data-id=\"205529a\" data-element_type=\"widget\" data-e-type=\"widget\" data-widget_type=\"spacer.default\">\n\t\t\t\t<div class=\"elementor-widget-container\">\n\t\t\t\t\t\t\t<div class=\"elementor-spacer\">\n\t\t\t<div class=\"elementor-spacer-inner\"><\/div>\n\t\t<\/div>\n\t\t\t\t\t\t<\/div>\n\t\t\t\t<\/div>\n\t\t\t\t<div class=\"elementor-element elementor-element-f826e85 sc_fly_static elementor-widget elementor-widget-trx_sc_button\" data-id=\"f826e85\" data-element_type=\"widget\" data-e-type=\"widget\" data-widget_type=\"trx_sc_button.default\">\n\t\t\t\t<div class=\"elementor-widget-container\">\n\t\t\t\t\t<div\tclass=\"sc_item_button sc_button_wrap\" ><a href=\"https:\/\/kkfinancialsolutions.com\/es\/contact-us\/\" class=\"sc_button sc_button_bordered sc_button_size_normal sc_button_icon_left color_style_dark\" ><span class=\"sc_button_text\"><span class=\"sc_button_title\">Consulta gratuita<\/span><\/span><\/a><\/div>\t\t\t\t<\/div>\n\t\t\t\t<\/div>\n\t\t\t\t<div class=\"elementor-element elementor-element-07ce8d8 sc_fly_static elementor-widget elementor-widget-spacer\" data-id=\"07ce8d8\" data-element_type=\"widget\" data-e-type=\"widget\" data-widget_type=\"spacer.default\">\n\t\t\t\t<div class=\"elementor-widget-container\">\n\t\t\t\t\t\t\t<div class=\"elementor-spacer\">\n\t\t\t<div class=\"elementor-spacer-inner\"><\/div>\n\t\t<\/div>\n\t\t\t\t\t\t<\/div>\n\t\t\t\t<\/div>\n\t\t\t\t\t<\/div>\n\t\t<\/div>\n\t\t\t\t\t<\/div>\n\t\t<\/section>\n\t\t\t\t<\/div>","protected":false},"excerpt":{"rendered":"<p>Bienvenido a K&amp;K Financial Solutions: Guiando su \u00e9xito, asegurando su futuro. En K&amp;K Financial Solutions, ofrecemos servicios de asesor\u00eda fiscal especializada adaptados a particulares, peque\u00f1as empresas y corporaciones multinacionales. Con\u2026<\/p>","protected":false},"author":1,"featured_media":0,"parent":0,"menu_order":0,"comment_status":"closed","ping_status":"closed","template":"","meta":{"nf_dc_page":"","footnotes":""},"class_list":["post-3738","page","type-page","status-publish","hentry"],"_links":{"self":[{"href":"https:\/\/kkfinancialsolutions.com\/es\/wp-json\/wp\/v2\/pages\/3738","targetHints":{"allow":["GET"]}}],"collection":[{"href":"https:\/\/kkfinancialsolutions.com\/es\/wp-json\/wp\/v2\/pages"}],"about":[{"href":"https:\/\/kkfinancialsolutions.com\/es\/wp-json\/wp\/v2\/types\/page"}],"author":[{"embeddable":true,"href":"https:\/\/kkfinancialsolutions.com\/es\/wp-json\/wp\/v2\/users\/1"}],"replies":[{"embeddable":true,"href":"https:\/\/kkfinancialsolutions.com\/es\/wp-json\/wp\/v2\/comments?post=3738"}],"version-history":[{"count":20,"href":"https:\/\/kkfinancialsolutions.com\/es\/wp-json\/wp\/v2\/pages\/3738\/revisions"}],"predecessor-version":[{"id":21641,"href":"https:\/\/kkfinancialsolutions.com\/es\/wp-json\/wp\/v2\/pages\/3738\/revisions\/21641"}],"wp:attachment":[{"href":"https:\/\/kkfinancialsolutions.com\/es\/wp-json\/wp\/v2\/media?parent=3738"}],"curies":[{"name":"wp","href":"https:\/\/api.w.org\/{rel}","templated":true}]}}